{"id":1404,"date":"2024-01-16T13:20:48","date_gmt":"2024-01-16T13:20:48","guid":{"rendered":"https:\/\/ciborius-gruppe.de\/?page_id=1404"},"modified":"2025-01-30T21:15:39","modified_gmt":"2025-01-30T21:15:39","slug":"impressum","status":"publish","type":"page","link":"https:\/\/ciborius-gruppe.de\/de\/impressum","title":{"rendered":"Impressum"},"content":{"rendered":"<p>[et_pb_section fb_built=&#8220;1&#8243; _builder_version=&#8220;4.24.0&#8243; _module_preset=&#8220;default&#8220; custom_padding=&#8220;52px|16px|52px|16px|true|true&#8220; global_colors_info=&#8220;{}&#8220;][et_pb_row column_structure=&#8220;1_3,2_3&#8243; _builder_version=&#8220;4.24.0&#8243; _module_preset=&#8220;default&#8220; global_colors_info=&#8220;{}&#8220;][et_pb_column type=&#8220;1_3&#8243; _builder_version=&#8220;4.24.0&#8243; _module_preset=&#8220;default&#8220; global_colors_info=&#8220;{}&#8220;][et_pb_text module_class=&#8220;cg-module cg-text cg-sticky&#8220; _builder_version=&#8220;4.24.2&#8243; _module_preset=&#8220;default&#8220; global_colors_info=&#8220;{}&#8220;]<\/p>\n<h1 data-options=\"cg-has-overhead-title\"><span class=\"cg-overhead-title\">CIBORIUS Gruppe<span class=\"cg-colon\">:<\/span><\/span> Impressum<\/h1>\n<p>[\/et_pb_text][\/et_pb_column][et_pb_column type=&#8220;2_3&#8243; _builder_version=&#8220;4.24.0&#8243; _module_preset=&#8220;default&#8220; global_colors_info=&#8220;{}&#8220;][et_pb_text _builder_version=&#8220;4.24.0&#8243; _module_preset=&#8220;default&#8220; global_colors_info=&#8220;{}&#8220;]<\/p>\n<p>Der Internetauftritt www.ciborius-gruppe.de vertritt alle Unternehmen der CIBORIUS Gruppe.<\/p>\n<p><strong>Inhaltlich verantwortlich, Website-Betreiber:<br><\/strong>S.I.V.V. Scopum Investition \u2013 Verm\u00f6gen \u2013 Verwaltung Holding GmbH<br>Wartenberger Str. 24<br>13053 Berlin<br>Telefon: 0800 \/ 723 48 46<br>Mail: <a href=\"mailto:info@ciborius-gruppe.de\" target=\"_blank\" rel=\"noopener\">info@ciborius-gruppe.de<\/a><\/p>\n<p>Gesch\u00e4ftsf\u00fchrer:<br>Andreas Ciborius<\/p>\n<h4>Haftungsausschluss<\/h4>\n<p><strong>Haftung f\u00fcr Inhalte<br><\/strong>Die Inhalte unserer Seiten wurden mit gr\u00f6\u00dfter Sorgfalt erstellt. F\u00fcr die Richtigkeit, Vollst\u00e4ndigkeit und Aktualit\u00e4t der Inhalte k\u00f6nnen wir jedoch keine Gew\u00e4hr \u00fcbernehmen. Als Diensteanbieter sind wir gem\u00e4\u00df \u00a77 Abs.1 TMG f\u00fcr eigene Inhalte auf diesen Seiten nach den allgemeinen Gesetzen verantwortlich. Nach \u00a7\u00a78 bis 10 TMG sind wir als Diensteanbieter jedoch nicht verpflichtet, \u00fcbermittelte oder gespeicherte fremde Informationen zu \u00fcberwachen oder nach Umst\u00e4nden zu forschen, die auf eine rechtswidrige T\u00e4tigkeit hinweisen. Verpflichtungen zur Entfernung oder Sperrung der Nutzung von Informationen nach den allgemeinen Gesetzen bleiben hiervon unber\u00fchrt. Eine diesbez\u00fcgliche Haftung ist jedoch erst ab dem Zeitpunkt der Kenntnis einer konkreten Rechtsverletzung m\u00f6glich. Bei Bekanntwerden von entsprechenden Rechtsverletzungen werden wir diese Inhalte umgehend entfernen<\/p>\n<p><strong>Haftung f\u00fcr Links<br><\/strong>Unser Angebot enth\u00e4lt Links zu externen Webseiten Dritter, auf deren Inhalte wir keinen Einfluss haben. Deshalb k\u00f6nnen wir f\u00fcr diese fremden Inhalte auch keine Gew\u00e4hr \u00fcbernehmen. F\u00fcr die Inhalte der verlinkten Seiten ist stets der jeweilige Anbieter oder Betreiber der Seiten verantwortlich. Die verlinkten Seiten wurden zum Zeitpunkt der Verlinkung auf m\u00f6gliche Rechtsverst\u00f6\u00dfe \u00fcberpr\u00fcft. Rechtswidrige Inhalte waren zum Zeitpunkt der Verlinkung nicht erkennbar. Eine permanente inhaltliche Kontrolle der verlinkten Seiten ist jedoch ohne konkrete Anhaltspunkte einer Rechtsverletzung nicht zumutbar. Bei Bekanntwerden von Rechtsverletzungen werden wir derartige Links umgehend entfernen.<\/p>\n<p><strong>Urheberrecht<\/strong><br>Die durch die Seitenbetreiber erstellten Inhalte und Werke auf diesen Seiten unterliegen dem deutschen Urheberrecht. Die Vervielf\u00e4ltigung, Bearbeitung, Verbreitung und jede Art der Verwertung au\u00dferhalb der Grenzen des Urheberrechtes bed\u00fcrfen der schriftlichen Zustimmung des jeweiligen Autors bzw. Erstellers. Downloads und Kopien dieser Seite sind nur f\u00fcr den privaten, nicht kommerziellen Gebrauch gestattet. Soweit die Inhalte auf dieser Seite nicht vom Betreiber erstellt wurden, werden die Urheberrechte Dritter beachtet. Insbesondere werden Inhalte Dritter als solche gekennzeichnet. Sollten Sie trotzdem auf eine Urheberrechtsverletzung aufmerksam werden, bitten wir um einen entsprechenden Hinweis. Bei Bekanntwerden von Rechtsverletzungen werden wir derartige Inhalte umgehend entfernen.<\/p>\n<p><strong>Datenschutz<\/strong><br>Die Nutzung unserer Webseite ist in der Regel ohne Angabe personenbezogener Daten m\u00f6glich. Soweit auf unseren Seiten personenbezogene Daten (beispielsweise Name, Anschrift oder eMail-Adressen) erhoben werden, erfolgt dies, soweit m\u00f6glich, stets auf freiwilliger Basis. Diese Daten werden ohne Ihre ausdr\u00fcckliche Zustimmung nicht an Dritte weitergegeben. Wir weisen darauf hin, dass die Daten\u00fcbertragung im Internet (z.B. bei der Kommunikation per E-Mail) Sicherheitsl\u00fccken aufweisen kann. Ein l\u00fcckenloser Schutz der Daten vor dem Zugriff durch Dritte ist nicht m\u00f6glich.<\/p>\n<p>Der Nutzung von im Rahmen der Impressumspflicht ver\u00f6ffentlichten Kontaktdaten durch Dritte zur \u00dcbersendung von nicht ausdr\u00fccklich angeforderter Werbung und Informationsmaterialien wird hiermit ausdr\u00fccklich widersprochen. Die Betreiber der Seiten behalten sich ausdr\u00fccklich rechtliche Schritte im Falle der unverlangten Zusendung von Werbeinformationen, etwa durch Spam-Mails, vor.<\/p>\n<p>[\/et_pb_text][\/et_pb_column][\/et_pb_row][\/et_pb_section][et_pb_section fb_built=&#8220;1&#8243; module_class=&#8220;cg-section cg-section-location&#8220; _builder_version=&#8220;4.24.2&#8243; _module_preset=&#8220;default&#8220; custom_padding=&#8220;60px|0px|60px|0px|true|true&#8220; global_colors_info=&#8220;{}&#8220;][et_pb_row _builder_version=&#8220;4.24.2&#8243; _module_preset=&#8220;default&#8220; global_colors_info=&#8220;{}&#8220;][et_pb_column type=&#8220;4_4&#8243; _builder_version=&#8220;4.23.1&#8243; _module_preset=&#8220;default&#8220; global_colors_info=&#8220;{}&#8220;][et_pb_text _builder_version=&#8220;4.24.2&#8243; _module_preset=&#8220;default&#8220; global_colors_info=&#8220;{}&#8220;]<\/p>\n<h2 data-options=\"cg-has-overhead-title\"><span class=\"cg-overhead-title\">Unsere Standorte<span class=\"cg-colon\">:<\/span><\/span> \u00dcberall an Ihrer Seite \u2014 bundesweit<\/h2>\n<p>Mit \u00fcber 1.500 engagierten Mitarbeitern sind wir deutschlandweit pr\u00e4sent, um Ihnen ganzheitliche und integrierte L\u00f6sungen anzubieten \u2014 sei es im Bereich Security, <a rel=\"popover\" data-title=\"Sicherheitstechnik\" data-post-id=\"11416\" class=\"sr-glossary-link\" aria-label=\"Sicherheitstechnik\" href=\"https:\/\/ciborius-gruppe.de\/de\/glossar\/sicherheitstechnik\">Sicherheitstechnik<\/a>, <a rel=\"popover\" data-title=\"Facility Services\" data-post-id=\"11442\" class=\"sr-glossary-link\" aria-label=\"Facility Services\" href=\"https:\/\/ciborius-gruppe.de\/de\/glossar\/facility-services-2\">Facility Services<\/a> oder Aus- und Weiterbildung.<\/p>\n<p>[\/et_pb_text][\/et_pb_column][\/et_pb_row][et_pb_row _builder_version=&#8220;4.23.1&#8243; _module_preset=&#8220;default&#8220; max_width=&#8220;100%&#8220; global_colors_info=&#8220;{}&#8220;][et_pb_column type=&#8220;4_4&#8243; _builder_version=&#8220;4.23.1&#8243; _module_preset=&#8220;default&#8220; global_colors_info=&#8220;{}&#8220;][et_pb_code _builder_version=&#8220;4.27.4&#8243; _module_preset=&#8220;default&#8220; width=&#8220;100%&#8220; max_width=&#8220;100%&#8220; global_module=&#8220;1297&#8243; saved_tabs=&#8220;all&#8220; global_colors_info=&#8220;{}&#8220;]<\/p>\n<style>.cg-location-tile-hannover{  background-image      : url('\/wp-content\/uploads\/2024\/11\/ciborius-security-hannover.jpg');  background-position-x : 70%;}<\/style>\n<p>  <\/p>\n<div class=\"cg-location-list-wrap\">        \n<ul class=\"cg-location-list\">          \n<li>            <a href=\"\/de\/standorte\/berlin\" class=\"cg-location-tile\">              <span class=\"cg-location-overlay\"><\/span>              <span class=\"cg-location-tile-details\">Berlin<\/span>              <span class=\"cg-location-tile-more\">Mehr Infos<\/span>            <\/a>          <\/li>\n<p>          <\/p>\n<li>            <a href=\"\/de\/standorte\/frankfurt\" class=\"cg-location-tile cg-location-tile-frankfurt\">              <span class=\"cg-location-overlay\"><\/span>              <span class=\"cg-location-tile-details\">Frankfurt<\/span>              <span class=\"cg-location-tile-more\">Mehr Infos<\/span>            <\/a>          <\/li>\n<p>          <\/p>\n<li>            <a href=\"\/de\/standorte\/stuttgart\" class=\"cg-location-tile cg-location-tile-stuttgart\">              <span class=\"cg-location-overlay\"><\/span>              <span class=\"cg-location-tile-details\">Stuttgart<\/span>              <span class=\"cg-location-tile-more\">Mehr Infos<\/span>            <\/a>          <\/li>\n<p>          <\/p>\n<li>            <a href=\"\/de\/standorte\/erfurt\" class=\"cg-location-tile cg-location-tile-erfurt\">              <span class=\"cg-location-overlay\"><\/span>              <span class=\"cg-location-tile-details\">Erfurt<\/span>              <span class=\"cg-location-tile-more\">Mehr Infos<\/span>            <\/a>          <\/li>\n<p>          <\/p>\n<li>            <a href=\"\/de\/standorte\/leipzig\" class=\"cg-location-tile cg-location-tile-leipzig\">              <span class=\"cg-location-overlay\"><\/span>              <span class=\"cg-location-tile-details\">Leipzig<\/span>              <span class=\"cg-location-tile-more\">Mehr Infos<\/span>            <\/a>          <\/li>\n<p>          <\/p>\n<li>            <a href=\"\/de\/standorte\/mannheim\" class=\"cg-location-tile cg-location-tile-mannheim\">              <span class=\"cg-location-overlay\"><\/span>              <span class=\"cg-location-tile-details\">Mannheim<\/span>              <span class=\"cg-location-tile-more\">Mehr Infos<\/span>            <\/a>          <\/li>\n<p>                    <\/p>\n<li>            <a href=\"\/de\/standorte\/hannover\" class=\"cg-location-tile cg-location-tile-hannover\">              <span class=\"cg-location-overlay\"><\/span>              <span class=\"cg-location-tile-details\">Hannover<\/span>              <span class=\"cg-location-tile-more\">Mehr Infos<\/span>            <\/a>          <\/li>\n<p>          <\/p>\n<li>            <a href=\"\/de\/standorte\/ingolstadt\" class=\"cg-location-tile cg-location-tile-ingolstadt\">              <span class=\"cg-location-overlay\"><\/span>              <span class=\"cg-location-tile-details\">Ingolstadt<\/span>              <span class=\"cg-location-tile-more\">Mehr Infos<\/span>            <\/a>          <\/li>\n<p>        <\/p><\/ul>\n<p>      <\/p><\/div>\n<p>[\/et_pb_code][\/et_pb_column][\/et_pb_row][\/et_pb_section]<\/p>","protected":false},"excerpt":{"rendered":"<p>CIBORIUS Gruppe: ImpressumDer Internetauftritt www.ciborius-gruppe.de vertritt alle Unternehmen der CIBORIUS Gruppe. Inhaltlich verantwortlich, Website-Betreiber:S.I.V.V. Scopum Investition \u2013 Verm\u00f6gen \u2013 Verwaltung Holding GmbHWartenberger Str. 2413053 BerlinTelefon: 0800 \/ 723 48 46Mail: info@ciborius-gruppe.de Gesch\u00e4ftsf\u00fchrer:Andreas Ciborius Haftungsausschluss Haftung f\u00fcr InhalteDie Inhalte unserer Seiten wurden mit gr\u00f6\u00dfter Sorgfalt erstellt. F\u00fcr die Richtigkeit, Vollst\u00e4ndigkeit und Aktualit\u00e4t der Inhalte k\u00f6nnen wir [&hellip;]<\/p>\n","protected":false},"author":5,"featured_media":0,"parent":0,"menu_order":0,"comment_status":"closed","ping_status":"closed","template":"","meta":{"_et_pb_use_builder":"on","_et_pb_old_content":"","_et_gb_content_width":"","_coblocks_attr":"","_coblocks_dimensions":"","_coblocks_responsive_height":"","_coblocks_accordion_ie_support":"","_crsspst_to_securityde":false,"cg_type":"","cg_schema_org":"","footnotes":""},"class_list":["post-1404","page","type-page","status-publish","hentry"],"yoast_head":"<!-- This site is optimized with the Yoast SEO Premium plugin v23.1 (Yoast SEO v23.1) - https:\/\/yoast.com\/wordpress\/plugins\/seo\/ -->\n<title>Impressum - CIBORIUS Gruppe<\/title>\n<meta name=\"robots\" content=\"noindex, nofollow\" \/>\n<meta property=\"og:locale\" content=\"de_DE\" \/>\n<meta property=\"og:type\" content=\"article\" \/>\n<meta property=\"og:title\" content=\"Impressum - CIBORIUS Gruppe\" \/>\n<meta property=\"og:description\" content=\"CIBORIUS Gruppe: ImpressumDer Internetauftritt www.ciborius-gruppe.de vertritt alle Unternehmen der CIBORIUS Gruppe. Inhaltlich verantwortlich, Website-Betreiber:S.I.V.V. Scopum Investition \u2013 Verm\u00f6gen \u2013 Verwaltung Holding GmbHWartenberger Str. 2413053 BerlinTelefon: 0800 \/ 723 48 46Mail: info@ciborius-gruppe.de Gesch\u00e4ftsf\u00fchrer:Andreas Ciborius Haftungsausschluss Haftung f\u00fcr InhalteDie Inhalte unserer Seiten wurden mit gr\u00f6\u00dfter Sorgfalt erstellt. F\u00fcr die Richtigkeit, Vollst\u00e4ndigkeit und Aktualit\u00e4t der Inhalte k\u00f6nnen wir [&hellip;]\" \/>\n<meta property=\"og:url\" content=\"https:\/\/ciborius-gruppe.de\/de\/impressum\" \/>\n<meta property=\"og:site_name\" content=\"CIBORIUS Gruppe\" \/>\n<meta property=\"article:publisher\" content=\"https:\/\/www.facebook.com\/CiboriusGruppe\" \/>\n<meta property=\"article:modified_time\" content=\"2025-01-30T21:15:39+00:00\" \/>\n<meta name=\"twitter:card\" content=\"summary_large_image\" \/>\n<meta name=\"twitter:site\" content=\"@ciboriusgruppe\" \/>\n<meta name=\"twitter:label1\" content=\"Gesch\u00e4tzte Lesezeit\" \/>\n\t<meta name=\"twitter:data1\" content=\"3\u00a0Minuten\" \/>\n<!-- \/ Yoast SEO Premium plugin. -->","yoast_head_json":{"title":"Impressum - CIBORIUS Gruppe","robots":{"index":"noindex","follow":"nofollow"},"og_locale":"de_DE","og_type":"article","og_title":"Impressum - CIBORIUS Gruppe","og_description":"CIBORIUS Gruppe: ImpressumDer Internetauftritt www.ciborius-gruppe.de vertritt alle Unternehmen der CIBORIUS Gruppe. Inhaltlich verantwortlich, Website-Betreiber:S.I.V.V. Scopum Investition \u2013 Verm\u00f6gen \u2013 Verwaltung Holding GmbHWartenberger Str. 2413053 BerlinTelefon: 0800 \/ 723 48 46Mail: info@ciborius-gruppe.de Gesch\u00e4ftsf\u00fchrer:Andreas Ciborius Haftungsausschluss Haftung f\u00fcr InhalteDie Inhalte unserer Seiten wurden mit gr\u00f6\u00dfter Sorgfalt erstellt. F\u00fcr die Richtigkeit, Vollst\u00e4ndigkeit und Aktualit\u00e4t der Inhalte k\u00f6nnen wir [&hellip;]","og_url":"https:\/\/ciborius-gruppe.de\/de\/impressum","og_site_name":"CIBORIUS Gruppe","article_publisher":"https:\/\/www.facebook.com\/CiboriusGruppe","article_modified_time":"2025-01-30T21:15:39+00:00","twitter_card":"summary_large_image","twitter_site":"@ciboriusgruppe","twitter_misc":{"Gesch\u00e4tzte Lesezeit":"3\u00a0Minuten"},"schema":{"@context":"https:\/\/schema.org","@graph":[{"@type":"WebPage","@id":"https:\/\/ciborius-gruppe.de\/de\/impressum","url":"https:\/\/ciborius-gruppe.de\/de\/impressum","name":"Impressum - CIBORIUS Gruppe","isPartOf":{"@id":"https:\/\/ciborius-gruppe.de\/de\/#website"},"datePublished":"2024-01-16T13:20:48+00:00","dateModified":"2025-01-30T21:15:39+00:00","inLanguage":"de","potentialAction":[{"@type":"ReadAction","target":["https:\/\/ciborius-gruppe.de\/de\/impressum"]}]},{"@type":"WebSite","@id":"https:\/\/ciborius-gruppe.de\/de\/#website","url":"https:\/\/ciborius-gruppe.de\/de\/","name":"CIBORIUS Gruppe","description":"CIBORIUS Gruppe: Service- &amp; Sicherheitsdienste, Facility Management","publisher":{"@id":"https:\/\/ciborius-gruppe.de\/de\/#organization"},"potentialAction":[{"@type":"SearchAction","target":{"@type":"EntryPoint","urlTemplate":"https:\/\/ciborius-gruppe.de\/de\/?s={search_term_string}"},"query-input":"required name=search_term_string"}],"inLanguage":"de"},{"@type":"Organization","@id":"https:\/\/ciborius-gruppe.de\/de\/#organization","name":"CIBORIUS Gruppe","url":"https:\/\/ciborius-gruppe.de\/de\/","logo":{"@type":"ImageObject","inLanguage":"de","@id":"https:\/\/ciborius-gruppe.de\/de\/#\/schema\/logo\/image\/","url":"https:\/\/ciborius-gruppe.de\/wp-content\/uploads\/2024\/02\/ciborius-logo-1.svg","contentUrl":"https:\/\/ciborius-gruppe.de\/wp-content\/uploads\/2024\/02\/ciborius-logo-1.svg","width":138,"height":33,"caption":"CIBORIUS Gruppe"},"image":{"@id":"https:\/\/ciborius-gruppe.de\/de\/#\/schema\/logo\/image\/"},"sameAs":["https:\/\/www.facebook.com\/CiboriusGruppe","https:\/\/x.com\/ciboriusgruppe"]}]}},"_links":{"self":[{"href":"https:\/\/ciborius-gruppe.de\/de\/wp-json\/wp\/v2\/pages\/1404","targetHints":{"allow":["GET"]}}],"collection":[{"href":"https:\/\/ciborius-gruppe.de\/de\/wp-json\/wp\/v2\/pages"}],"about":[{"href":"https:\/\/ciborius-gruppe.de\/de\/wp-json\/wp\/v2\/types\/page"}],"author":[{"embeddable":true,"href":"https:\/\/ciborius-gruppe.de\/de\/wp-json\/wp\/v2\/users\/5"}],"replies":[{"embeddable":true,"href":"https:\/\/ciborius-gruppe.de\/de\/wp-json\/wp\/v2\/comments?post=1404"}],"version-history":[{"count":10,"href":"https:\/\/ciborius-gruppe.de\/de\/wp-json\/wp\/v2\/pages\/1404\/revisions"}],"predecessor-version":[{"id":16545,"href":"https:\/\/ciborius-gruppe.de\/de\/wp-json\/wp\/v2\/pages\/1404\/revisions\/16545"}],"wp:attachment":[{"href":"https:\/\/ciborius-gruppe.de\/de\/wp-json\/wp\/v2\/media?parent=1404"}],"curies":[{"name":"wp","href":"https:\/\/api.w.org\/{rel}","templated":true}]}}