{"id":1405,"date":"2024-01-16T13:20:48","date_gmt":"2024-01-16T13:20:48","guid":{"rendered":"https:\/\/ciborius-gruppe.de\/?page_id=1405"},"modified":"2025-03-04T10:27:20","modified_gmt":"2025-03-04T10:27:20","slug":"downloads","status":"publish","type":"page","link":"https:\/\/ciborius-gruppe.de\/de\/downloads","title":{"rendered":"Downloads"},"content":{"rendered":"<p>[et_pb_section fb_built=&#8220;1&#8243; _builder_version=&#8220;4.24.0&#8243; _module_preset=&#8220;default&#8220; global_colors_info=&#8220;{}&#8220;][et_pb_row column_structure=&#8220;1_2,1_2&#8243; _builder_version=&#8220;4.24.2&#8243; _module_preset=&#8220;default&#8220; global_colors_info=&#8220;{}&#8220;][et_pb_column type=&#8220;1_2&#8243; _builder_version=&#8220;4.24.0&#8243; _module_preset=&#8220;default&#8220; global_colors_info=&#8220;{}&#8220;][et_pb_text module_class=&#8220;cg-text cg-sticky&#8220; _builder_version=&#8220;4.24.0&#8243; _module_preset=&#8220;default&#8220; global_colors_info=&#8220;{}&#8220;]<\/p>\n<h2 data-options=\"cg-has-overhead-title\"><span class=\"cg-overhead-title\">Brosch\u00fcren<span class=\"cg-colon\">:<\/span><\/span> Alle unsere Brosch\u00fcren zum Download<\/h2>\n<p>[\/et_pb_text][\/et_pb_column][et_pb_column type=&#8220;1_2&#8243; _builder_version=&#8220;4.24.0&#8243; _module_preset=&#8220;default&#8220; global_colors_info=&#8220;{}&#8220;][et_pb_text module_class=&#8220;cg-module cg-text cg-page-list&#8220; _builder_version=&#8220;4.27.4&#8243; _module_preset=&#8220;default&#8220; hover_enabled=&#8220;0&#8243; global_colors_info=&#8220;{}&#8220; sticky_enabled=&#8220;0&#8243;]<\/p>\n<ul>\n<li><a href=\"https:\/\/ciborius-gruppe.de\/wp-content\/uploads\/2025\/03\/CIBORIUS-Gruppe-2025.pdf\" rel=\"attachment wp-att-5727\">Unternehmensbrosch\u00fcre (deutsch)<\/a><\/li>\n<li><a href=\"https:\/\/ciborius-gruppe.de\/wp-content\/uploads\/2024\/02\/ciborius-broschure-en.pdf\" rel=\"attachment wp-att-5744\">CIBORIUS Broschure (english)<\/a><\/li>\n<li><a href=\"https:\/\/ciborius-gruppe.de\/wp-content\/uploads\/2024\/02\/ciborius-flyer-nsl.pdf\" rel=\"attachment wp-att-5746\">Notruf- und Serviceleitstelle (NSL)<\/a><\/li>\n<li><a href=\"https:\/\/ciborius-gruppe.de\/wp-content\/uploads\/2024\/02\/ciborius-flyer-fiebermessung.pdf\" rel=\"attachment wp-att-5748\">Flyer Fiebermessung<\/a><\/li>\n<li><a href=\"https:\/\/ciborius-gruppe.de\/wp-content\/uploads\/2024\/02\/ciborius-flyer-robotics.pdf\" rel=\"attachment wp-att-5750\">Flyer Sicherheitsdienst mit Robotik<\/a><\/li>\n<\/ul>\n<p>[\/et_pb_text][\/et_pb_column][\/et_pb_row][\/et_pb_section][et_pb_section fb_built=&#8220;1&#8243; module_id=&#8220;agb&#8220; module_class=&#8220;cg-section cg-section-muted&#8220; _builder_version=&#8220;4.24.2&#8243; _module_preset=&#8220;default&#8220; global_colors_info=&#8220;{}&#8220;][et_pb_row column_structure=&#8220;1_2,1_2&#8243; _builder_version=&#8220;4.24.2&#8243; _module_preset=&#8220;default&#8220; global_colors_info=&#8220;{}&#8220;][et_pb_column type=&#8220;1_2&#8243; _builder_version=&#8220;4.24.0&#8243; _module_preset=&#8220;default&#8220; global_colors_info=&#8220;{}&#8220;][et_pb_text module_class=&#8220;cg-text cg-sticky&#8220; _builder_version=&#8220;4.24.2&#8243; _module_preset=&#8220;default&#8220; global_colors_info=&#8220;{}&#8220;]<\/p>\n<h2 data-options=\"cg-has-overhead-title\"><span class=\"cg-overhead-title\">Allgemeine Gesch\u00e4ftsbedingungen<span class=\"cg-colon\">:<\/span><\/span> Unsere AGB im PDF-Format<\/h2>\n<p>[\/et_pb_text][\/et_pb_column][et_pb_column type=&#8220;1_2&#8243; _builder_version=&#8220;4.24.0&#8243; _module_preset=&#8220;default&#8220; global_colors_info=&#8220;{}&#8220;][et_pb_text module_class=&#8220;cg-module cg-text cg-page-list&#8220; _builder_version=&#8220;4.24.0&#8243; _module_preset=&#8220;default&#8220; global_colors_info=&#8220;{}&#8220;]<\/p>\n<ul>\n<li><a href=\"https:\/\/ciborius-gruppe.de\/wp-content\/uploads\/2024\/02\/AGB-Ciborius-Berlin-10.2017.pdf\" rel=\"attachment wp-att-5752\">AGB Ciborius Berlin 10.2017.pdf<\/a><\/li>\n<li><a href=\"https:\/\/ciborius-gruppe.de\/wp-content\/uploads\/2024\/02\/AGB-Ciborius-Frankfurt-am-Main-01.2018.pdf\" rel=\"attachment wp-att-5754\">AGB Ciborius Frankfurt am Main 01.2018.pdf<\/a><\/li>\n<li><a href=\"https:\/\/ciborius-gruppe.de\/wp-content\/uploads\/2024\/02\/AGB-Ciborius-Mannheim-01.2018.pdf\" rel=\"attachment wp-att-5756\">AGB Ciborius Mannheim 01.2018.pdf<\/a><\/li>\n<li><a href=\"https:\/\/ciborius-gruppe.de\/wp-content\/uploads\/2024\/02\/AGB-Ciborius-Stuttgart-01.2018.pdf\" rel=\"attachment wp-att-5758\">AGB Ciborius Stuttgart 01.2018.pdf<\/a><\/li>\n<\/ul>\n<p>[\/et_pb_text][\/et_pb_column][\/et_pb_row][\/et_pb_section]<\/p>","protected":false},"excerpt":{"rendered":"<p>Brosch\u00fcren: Alle unsere Brosch\u00fcren zum Download Unternehmensbrosch\u00fcre (deutsch) CIBORIUS Broschure (english) Notruf- und Serviceleitstelle (NSL) Flyer Fiebermessung Flyer Sicherheitsdienst mit Robotik Allgemeine Gesch\u00e4ftsbedingungen: Unsere AGB im PDF-Format AGB Ciborius Berlin 10.2017.pdf AGB Ciborius Frankfurt am Main 01.2018.pdf AGB Ciborius Mannheim 01.2018.pdf AGB Ciborius Stuttgart 01.2018.pdf<\/p>\n","protected":false},"author":5,"featured_media":0,"parent":0,"menu_order":0,"comment_status":"closed","ping_status":"closed","template":"","meta":{"_et_pb_use_builder":"on","_et_pb_old_content":"","_et_gb_content_width":"","_coblocks_attr":"","_coblocks_dimensions":"","_coblocks_responsive_height":"","_coblocks_accordion_ie_support":"","_crsspst_to_securityde":false,"cg_type":"","cg_schema_org":"","footnotes":""},"class_list":["post-1405","page","type-page","status-publish","hentry"],"yoast_head":"<!-- This site is optimized with the Yoast SEO Premium plugin v23.1 (Yoast SEO v23.1) - https:\/\/yoast.com\/wordpress\/plugins\/seo\/ -->\n<title>Downloads - CIBORIUS Gruppe<\/title>\n<meta name=\"robots\" content=\"index, follow, max-snippet:-1, max-image-preview:large, max-video-preview:-1\" \/>\n<link rel=\"canonical\" href=\"https:\/\/ciborius-gruppe.de\/de\/downloads\" \/>\n<meta property=\"og:locale\" content=\"de_DE\" \/>\n<meta property=\"og:type\" content=\"article\" \/>\n<meta property=\"og:title\" content=\"Downloads - CIBORIUS Gruppe\" \/>\n<meta property=\"og:description\" content=\"Brosch\u00fcren: Alle unsere Brosch\u00fcren zum Download Unternehmensbrosch\u00fcre (deutsch) CIBORIUS Broschure (english) Notruf- und Serviceleitstelle (NSL) Flyer Fiebermessung Flyer Sicherheitsdienst mit Robotik Allgemeine Gesch\u00e4ftsbedingungen: Unsere AGB im PDF-Format AGB Ciborius Berlin 10.2017.pdf AGB Ciborius Frankfurt am Main 01.2018.pdf AGB Ciborius Mannheim 01.2018.pdf AGB Ciborius Stuttgart 01.2018.pdf\" \/>\n<meta property=\"og:url\" content=\"https:\/\/ciborius-gruppe.de\/de\/downloads\" \/>\n<meta property=\"og:site_name\" content=\"CIBORIUS Gruppe\" \/>\n<meta property=\"article:publisher\" content=\"https:\/\/www.facebook.com\/CiboriusGruppe\" \/>\n<meta property=\"article:modified_time\" content=\"2025-03-04T10:27:20+00:00\" \/>\n<meta name=\"twitter:card\" content=\"summary_large_image\" \/>\n<meta name=\"twitter:site\" content=\"@ciboriusgruppe\" \/>\n<meta name=\"twitter:label1\" content=\"Gesch\u00e4tzte Lesezeit\" \/>\n\t<meta name=\"twitter:data1\" content=\"1\u00a0Minute\" \/>\n<!-- \/ Yoast SEO Premium plugin. -->","yoast_head_json":{"title":"Downloads - CIBORIUS Gruppe","robots":{"index":"index","follow":"follow","max-snippet":"max-snippet:-1","max-image-preview":"max-image-preview:large","max-video-preview":"max-video-preview:-1"},"canonical":"https:\/\/ciborius-gruppe.de\/de\/downloads","og_locale":"de_DE","og_type":"article","og_title":"Downloads - CIBORIUS Gruppe","og_description":"Brosch\u00fcren: Alle unsere Brosch\u00fcren zum Download Unternehmensbrosch\u00fcre (deutsch) CIBORIUS Broschure (english) Notruf- und Serviceleitstelle (NSL) Flyer Fiebermessung Flyer Sicherheitsdienst mit Robotik Allgemeine Gesch\u00e4ftsbedingungen: Unsere AGB im PDF-Format AGB Ciborius Berlin 10.2017.pdf AGB Ciborius Frankfurt am Main 01.2018.pdf AGB Ciborius Mannheim 01.2018.pdf AGB Ciborius Stuttgart 01.2018.pdf","og_url":"https:\/\/ciborius-gruppe.de\/de\/downloads","og_site_name":"CIBORIUS Gruppe","article_publisher":"https:\/\/www.facebook.com\/CiboriusGruppe","article_modified_time":"2025-03-04T10:27:20+00:00","twitter_card":"summary_large_image","twitter_site":"@ciboriusgruppe","twitter_misc":{"Gesch\u00e4tzte Lesezeit":"1\u00a0Minute"},"schema":{"@context":"https:\/\/schema.org","@graph":[{"@type":"WebPage","@id":"https:\/\/ciborius-gruppe.de\/de\/downloads","url":"https:\/\/ciborius-gruppe.de\/de\/downloads","name":"Downloads - CIBORIUS Gruppe","isPartOf":{"@id":"https:\/\/ciborius-gruppe.de\/de\/#website"},"datePublished":"2024-01-16T13:20:48+00:00","dateModified":"2025-03-04T10:27:20+00:00","inLanguage":"de","potentialAction":[{"@type":"ReadAction","target":["https:\/\/ciborius-gruppe.de\/de\/downloads"]}]},{"@type":"WebSite","@id":"https:\/\/ciborius-gruppe.de\/de\/#website","url":"https:\/\/ciborius-gruppe.de\/de\/","name":"CIBORIUS Gruppe","description":"CIBORIUS Gruppe: Service- &amp; Sicherheitsdienste, Facility Management","publisher":{"@id":"https:\/\/ciborius-gruppe.de\/de\/#organization"},"potentialAction":[{"@type":"SearchAction","target":{"@type":"EntryPoint","urlTemplate":"https:\/\/ciborius-gruppe.de\/de\/?s={search_term_string}"},"query-input":"required name=search_term_string"}],"inLanguage":"de"},{"@type":"Organization","@id":"https:\/\/ciborius-gruppe.de\/de\/#organization","name":"CIBORIUS Gruppe","url":"https:\/\/ciborius-gruppe.de\/de\/","logo":{"@type":"ImageObject","inLanguage":"de","@id":"https:\/\/ciborius-gruppe.de\/de\/#\/schema\/logo\/image\/","url":"https:\/\/ciborius-gruppe.de\/wp-content\/uploads\/2024\/02\/ciborius-logo-1.svg","contentUrl":"https:\/\/ciborius-gruppe.de\/wp-content\/uploads\/2024\/02\/ciborius-logo-1.svg","width":138,"height":33,"caption":"CIBORIUS Gruppe"},"image":{"@id":"https:\/\/ciborius-gruppe.de\/de\/#\/schema\/logo\/image\/"},"sameAs":["https:\/\/www.facebook.com\/CiboriusGruppe","https:\/\/x.com\/ciboriusgruppe"]}]}},"_links":{"self":[{"href":"https:\/\/ciborius-gruppe.de\/de\/wp-json\/wp\/v2\/pages\/1405","targetHints":{"allow":["GET"]}}],"collection":[{"href":"https:\/\/ciborius-gruppe.de\/de\/wp-json\/wp\/v2\/pages"}],"about":[{"href":"https:\/\/ciborius-gruppe.de\/de\/wp-json\/wp\/v2\/types\/page"}],"author":[{"embeddable":true,"href":"https:\/\/ciborius-gruppe.de\/de\/wp-json\/wp\/v2\/users\/5"}],"replies":[{"embeddable":true,"href":"https:\/\/ciborius-gruppe.de\/de\/wp-json\/wp\/v2\/comments?post=1405"}],"version-history":[{"count":14,"href":"https:\/\/ciborius-gruppe.de\/de\/wp-json\/wp\/v2\/pages\/1405\/revisions"}],"predecessor-version":[{"id":17086,"href":"https:\/\/ciborius-gruppe.de\/de\/wp-json\/wp\/v2\/pages\/1405\/revisions\/17086"}],"wp:attachment":[{"href":"https:\/\/ciborius-gruppe.de\/de\/wp-json\/wp\/v2\/media?parent=1405"}],"curies":[{"name":"wp","href":"https:\/\/api.w.org\/{rel}","templated":true}]}}