{"id":1406,"date":"2024-01-16T13:20:48","date_gmt":"2024-01-16T13:20:48","guid":{"rendered":"https:\/\/ciborius-gruppe.de\/?page_id=1406"},"modified":"2024-05-23T07:43:16","modified_gmt":"2024-05-23T07:43:16","slug":"datenschutz","status":"publish","type":"page","link":"https:\/\/ciborius-gruppe.de\/de\/datenschutz","title":{"rendered":"Datenschutz"},"content":{"rendered":"<p>[et_pb_section fb_built=&#8220;1&#8243; _builder_version=&#8220;4.24.2&#8243; _module_preset=&#8220;default&#8220; global_colors_info=&#8220;{}&#8220;][et_pb_row column_structure=&#8220;1_2,1_2&#8243; _builder_version=&#8220;4.24.2&#8243; _module_preset=&#8220;default&#8220; global_colors_info=&#8220;{}&#8220;][et_pb_column type=&#8220;1_2&#8243; _builder_version=&#8220;4.24.0&#8243; _module_preset=&#8220;default&#8220; global_colors_info=&#8220;{}&#8220;][et_pb_text module_class=&#8220;cg-module cg-text cg-sticky&#8220; _builder_version=&#8220;4.24.0&#8243; _module_preset=&#8220;default&#8220; global_colors_info=&#8220;{}&#8220;]<\/p>\n<h1 class=\"cg-h2\" data-options=\"cg-has-overhead-title\"><span class=\"cg-overhead-title\">Datenschutz<span class=\"cg-colon\">:<\/span><\/span> Schutz Ihrer personen&shy;bezogenen Daten<\/h1>\n<p>[\/et_pb_text][\/et_pb_column][et_pb_column type=&#8220;1_2&#8243; _builder_version=&#8220;4.24.0&#8243; _module_preset=&#8220;default&#8220; global_colors_info=&#8220;{}&#8220;][et_pb_text _builder_version=&#8220;4.25.1&#8243; _module_preset=&#8220;default&#8220; custom_padding=&#8220;||0px|||&#8220; hover_enabled=&#8220;0&#8243; global_colors_info=&#8220;{}&#8220; sticky_enabled=&#8220;0&#8243;]<\/p>\n<div class=\"ce_text block\">\n<p>Der Schutz Ihrer personenbezogenen Daten ist uns ein wichtiges Anliegen. Wir behandeln Ihre personenbezogenen Daten vertraulich und entsprechend der gesetzlichen Datenschutzvorschriften sowie dieser Datenschutzerkl\u00e4rung.<\/p>\n<p>Die Nutzung unserer Webseite ist in der Regel ohne Angabe personenbezogener Daten m\u00f6glich. Soweit auf unseren Seiten personenbezogene Daten (beispielsweise Name, Anschrift oder E-Mail-Adresse) erhoben werden, erfolgt dies, soweit m\u00f6glich, stets auf freiwilliger Basis. Diese Daten werden ohne Ihre ausdr\u00fcckliche Zustimmung nicht an Dritte weitergegeben.<\/p>\n<p>Wir weisen darauf hin, dass die Daten\u00fcbertragung im Internet (z.B. bei der Kommunikation per E-Mail) Sicherheitsl\u00fccken aufweisen kann. Ein l\u00fcckenloser Schutz der Daten vor dem Zugriff durch Dritte ist nicht m\u00f6glich.<\/p>\n<p>Personenbezogene Daten sind Einzelangaben \u00fcber pers\u00f6nliche oder sachliche Verh\u00e4ltnisse einer bestimmten oder bestimmbaren nat\u00fcrlichen Person. Darunter fallen Informationen wie der b\u00fcrgerliche Name, die Anschrift, die Telefonnummer und das Geburtsdatum. Da diese Daten besonderen Schutz genie\u00dfen, werden sie bei uns nur im technisch erforderlichen Umfang erhoben.<\/p>\n<p>Nachfolgend werden wir Ihnen entsprechend unserer Pflicht erl\u00e4utern, welche Informationen wir w\u00e4hrend Ihres Besuches auf unserer Internetseite erfassen und wie diese genutzt werden. Unsere Datenschutzpraxis steht im Einklang mit den Regelungen der EU-Datenschutzgrundverordnung (EU-DSGVO), des Bundesdatenschutzgesetzes (BDSG) und des Telemediengesetzes (TMG).<\/p>\n<p>Wir werden Ihre personenbezogenen Daten ausschlie\u00dflich zur Bearbeitung von Anfragen und ggf. zur Abwicklung von Bestellungen \/ Vertr\u00e4gen erheben, verarbeiten und speichern. Nur wenn Sie zuvor Ihre Einwilligung gesondert erteilt haben, erfolgt eine Nutzung Ihrer Daten auch f\u00fcr weitergehende, in der Einwilligung genau bestimmte Zwecke, z.B. f\u00fcr Informationen \u00fcber Angebote per Newsletter, etc.<\/p>\n<p>Verantwortliche Stelle i.S.d. \u00a7 13 Abs. 1 TMG, der Datenschutzgrundverordnung und s\u00e4mtlicher in den Mitgliedsstaaten der Europ\u00e4ischen Union geltender Datenschutzgesetze ist:<\/p>\n<div>\n<p><strong>S.I.V.V. Scopum Investition \u2013 Verm\u00f6gen \u2013 Verwaltung Holding GmbH<\/strong><br>Wartenberger Str. 24<br>13053 Berlin<br>Telefon: 0800 \/ 723 48 46<br>Mail: info@ciborius-gruppe.de<\/p>\n<p>&nbsp;<\/p>\n<p>Amtsgericht Charlottenburg (HRB 190013)<br>Ust-IdNr.: DE 315262860<br>Gesch\u00e4ftsf\u00fchrer:<\/p>\n<\/div>\n<div>Andreas CIBORIUS<br>Katharina CIBORIUS<\/div>\n<div><\/div>\n<h3 class=\"weniger-abstand\">Name und Anschrift des Datenschutzbeauftragten:<\/h3>\n<p><strong>JUNG IT-Solution GmbH<br>Achim Jung<\/strong><br><a href=\"mailto:datenschutz@ciborius-gruppe.de\">datenschutz@ciborius-gruppe.de<\/a><br><span>Adam Schenk Str. 22<\/span> | 34286 Spangenberg<\/p>\n<h3>Ihre Rechte<\/h3>\n<p>Unter den angegebenen Kontaktdaten unseres Datenschutzbeauftragten k\u00f6nnen Sie jederzeit folgende Rechte aus\u00fcben:<\/p>\n<ul>\n<li>Auskunft \u00fcber Ihre bei uns gespeicherten Daten und deren Verarbeitung,<\/li>\n<li>Berichtigung unrichtiger personenbezogener Daten,<\/li>\n<li>L\u00f6schung Ihrer bei uns gespeicherten Daten,<\/li>\n<li>Einschr\u00e4nkung der Datenverarbeitung, sofern wir Ihre Daten aufgrund gesetzlicher Pflichten noch nicht l\u00f6schen d\u00fcrfen,<\/li>\n<li>Widerspruch gegen die Verarbeitung Ihrer Daten bei uns und<\/li>\n<li>Daten\u00fcbertragbarkeit, sofern Sie in die Datenverarbeitung eingewilligt haben oder einen Vertrag mit uns abgeschlossen haben.<\/li>\n<\/ul>\n<p>Sofern Sie uns eine Einwilligung erteilt haben, k\u00f6nnen Sie diese jederzeit mit Wirkung f\u00fcr die Zukunft widerrufen.<\/p>\n<p>Sie k\u00f6nnen sich jederzeit mit einer Beschwerde an die f\u00fcr Sie zust\u00e4ndige Aufsichtsbeh\u00f6rde wenden. Ihre zust\u00e4ndige Aufsichtsbeh\u00f6rde richtet sich nach dem Bundesland Ihres Wohnsitzes, Ihrer Arbeit oder der mutma\u00dflichen Verletzung. Eine Liste der Aufsichtsbeh\u00f6rden (f\u00fcr den nicht\u00f6ffentlichen Bereich) mit Anschrift finden Sie unter: <a href=\"https:\/\/www.bfdi.bund.de\/DE\/Service\/Anschriften\/anschriften_node.html\" target=\"_blank\" rel=\"noopener\">https:\/\/www.bfdi.bund.de\/DE\/Service\/Anschriften\/anschriften_node.html<\/a>.<\/p>\n<h2 class=\"weniger-abstand\">Nutzung Ihrer Daten<\/h2>\n<p>Unsere Seite bietet Ihnen verschiedene Funktionen, bei deren Nutzung von uns personenbezogene Daten erhoben, verarbeitet und gespeichert werden. Nachfolgend erkl\u00e4ren wir, was mit diesen Daten geschieht:<\/p>\n<h3>Kontaktformular<\/h3>\n<p>Die \u00fcber unser Kontaktformular aufgenommenen Daten werden wir nur f\u00fcr die Bearbeitung von Anfragen, die durch das Kontaktformular eingehen, verwenden. Nach Bearbeitung der Anfrage werden die erhobenen Daten innerhalb von sechs Monaten gel\u00f6scht.<\/p>\n<h3>Datenweitergabe<\/h3>\n<p>Wir geben nur die Daten weiter (bspw. Name und Adresse), die f\u00fcr uns zur Erf\u00fcllung unserer Vertragsverpflichtung und f\u00fcr Dritte zur Gew\u00e4hrleistung eines reibungslosen Ablaufs, insbesondere zur Abwicklung eines geschlossenen Vertrages, n\u00f6tig sind oder wenn ihre Speicherung aus sonstigen gesetzlichen Gr\u00fcnden erforderlich ist. Wenn Sie uns pers\u00f6nliche Daten zur Verf\u00fcgung stellen, werden diese Daten nur f\u00fcr den angegebenen Zweck genutzt, dem Sie vor der Dateneingabe zugestimmt haben. Wir werden Ihre pers\u00f6nlichen Daten nur so lange speichern, wie dies f\u00fcr den vorgesehenen Zweck der Datenerhebung notwendig oder gesetzlich vorgeschrieben ist.<\/p>\n<p>Eine Weitergabe an Dritte findet au\u00dfer zu den genannten Zwecken der Vertrags- und Zahlungsabwicklung nicht statt.<\/p>\n<h3>Statistische Auswertung der Besuche dieser Internetseite<\/h3>\n<p>Wir erheben, verarbeiten und speichern bei dem Aufruf dieser Internetseite oder einzelner Dateien der Internetseite folgende Daten: IP-Adresse, Webseite, von der aus die Datei abgerufen wurde, Name der Datei, Datum und Uhrzeit des Abrufs, \u00fcbertragene Datenmenge und Meldung \u00fcber den Erfolg des Abrufs (sog. Web-Log).<\/p>\n<p>Diese Zugriffsdaten verwenden wir ausschlie\u00dflich in nicht personalisierter Form f\u00fcr die stetige Verbesserung unseres Internetangebots und zu statistischen Zwecken.<\/p>\n<\/div>\n<div class=\"ce_text last block\">\n<div><a href=\"http:\/\/www.networkadvertising.org\/managing\/opt_out.asp\" target=\"_blank\" rel=\"noopener\"><\/a><\/div>\n<h3>Externe Inhalte<\/h3>\n<p>Auf unserer Internetseite verwenden wir aktive Java-Script Inhalte von externen Anbietern. Durch Aufruf unserer Internetseite erhalten diese externen Anbieter ggf. personenbezogene Informationen \u00fcber Ihren Besuch auf unserer Internetseite. Sie k\u00f6nnen dies verhindern, indem Sie einen Java-Script-Blocker wie z.B. das Browser-Plugin &#8218;NoScript&#8216; installieren (<a href=\"http:\/\/www.noscript.net\">www.noscript.net<\/a>) oder Java-Script in Ihrem Browser deaktivieren. Hierdurch kann es zu Funktionseinschr\u00e4nkungen auf Internetseiten kommen, die Sie besuchen.<\/p>\n<p><span style=\"font-family: inherit; font-size: 1.5625rem;\">Nutzung von Cookies<\/span><\/p>\n<p><span style=\"font-family: inherit; font-size: 1.5625rem;\"><\/span><\/p>\n<div>\n<p>Die Internetseiten verwenden teilweise so genannte Cookies. Cookies richten auf Ihrem Rechner keinen Schaden an und enthalten keine Viren. Cookies dienen dazu, unser Angebot nutzerfreundlicher, effektiver und sicherer zu machen. Cookies sind kleine Textdateien, die auf Ihrem Rechner abgelegt werden und die Ihr Browser speichert.<\/p>\n<p>Die meisten der von uns verwendeten Cookies sind so genannte \u201eSession-Cookies\u201c. Sie werden nach Ende Ihres Besuchs automatisch gel\u00f6scht. Andere Cookies bleiben auf Ihrem Endger\u00e4t gespeichert, bis Sie diese l\u00f6schen. Diese Cookies erm\u00f6glichen es uns, Ihren Browser beim n\u00e4chsten Besuch wiederzuerkennen.<\/p>\n<p>Sie k\u00f6nnen Ihren Browser so einstellen, dass Sie \u00fcber das Setzen von Cookies informiert werden und Cookies nur im Einzelfall erlauben, die Annahme von Cookies f\u00fcr bestimmte F\u00e4lle oder generell ausschlie\u00dfen sowie das automatische L\u00f6schen der Cookies beim Schlie\u00dfen des Browser aktivieren. Bei der Deaktivierung von Cookies kann die Funktionalit\u00e4t dieser Website eingeschr\u00e4nkt sein.<\/p>\n<h3>SSL-Verschl\u00fcsselung<\/h3>\n<p>Diese Seite nutzt aus Gr\u00fcnden der Sicherheit und zum Schutz der \u00dcbertragung vertraulicher Inhalte, wie zum Beispiel der Anfragen, die Sie an uns als Seitenbetreiber senden, eine SSL-Verschl\u00fcsselung. Eine verschl\u00fcsselte Verbindung erkennen Sie daran, dass die Adresszeile des Browsers von &#8222;http:\/\/&#8220; auf &#8222;https:\/\/&#8220; wechselt und an dem Schloss-Symbol in Ihrer Browserzeile.<\/p>\n<p>Wenn die SSL Verschl\u00fcsselung aktiviert ist, k\u00f6nnen die Daten, die Sie an uns \u00fcbermitteln, nicht von Dritten mitgelesen werden.<\/p>\n<h3>Datensicherheit und Datenschutz, Kommunikation per E-Mail<\/h3>\n<p>Ihre personenbezogenen Daten werden durch Ergreifung aller technischen und organisatorischen M\u00f6glichkeiten so gespeichert, dass sie f\u00fcr Dritte nicht zug\u00e4nglich sind. Bei der Kommunikation per E-Mail kann die vollst\u00e4ndige Datensicherheit von uns nicht gew\u00e4hrleistet werden, sodass wir Ihnen bei Informationen mit hohem Geheimhaltungsbed\u00fcrfnis den Postweg empfehlen.<\/p>\n<h3>\u00c4nderung unserer Datenschutzbestimmungen<\/h3>\n<p>Wir behalten uns vor, diese Datenschutzerkl\u00e4rung anzupassen, damit sie stets den aktuellen rechtlichen Anforderungen entspricht oder um \u00c4nderungen unserer Leistungen in der Datenschutzerkl\u00e4rung umzusetzen, z.B. bei der Einf\u00fchrung neuer Services. F\u00fcr Ihren erneuten Besuch gilt dann die neue Datenschutzerkl\u00e4rung.<\/p>\n<h3>L\u00f6schung bzw. Sperrung der Daten<\/h3>\n<p>Wir halten uns an die Grunds\u00e4tze der Datenvermeidung und Datensparsamkeit. Wir speichern Ihre personenbezogenen Daten daher nur so lange, wie dies zur Erreichung der hier genannten Zwecke erforderlich ist oder wie es die vom Gesetzgeber vorgesehenen vielf\u00e4ltigen Speicherfristen vorsehen. Nach Fortfall des jeweiligen Zweckes bzw. Ablauf dieser Fristen werden die entsprechenden Daten routinem\u00e4\u00dfig und entsprechend den gesetzlichen Vorschriften gesperrt oder gel\u00f6scht.<\/p>\n<h3>Widerruf von Einwilligungen \u2013 Datenausk\u00fcnfte und \u00c4nderungsw\u00fcnsche<\/h3>\n<p>Nach dem Bundesdatenschutzgesetz haben Sie ein Recht auf unentgeltliche Auskunft \u00fcber Ihre gespeicherten Daten sowie ggf. ein Recht auf Berichtigung, Sperrung oder L\u00f6schung dieser Daten. Ihre Daten werden dann gel\u00f6scht, falls dem nicht gesetzliche Regelungen entgegenstehen. Sie k\u00f6nnen eine uns erteilte Erlaubnis, Ihre pers\u00f6nlichen Daten zu nutzen, jederzeit widerrufen. Auskunfts-, L\u00f6schungs- und Berichtigungsw\u00fcnsche zu Ihren Daten und gerne auch Anregungen k\u00f6nnen Sie jederzeit an folgende Adresse senden:<\/p>\n<p>&nbsp;<\/p>\n<div>\n<p><strong>S.I.V.V. Scopum Investition \u2013 Verm\u00f6gen \u2013 Verwaltung Holding GmbH<\/strong><br>Wartenberger Str. 24<br>13053 Berlin<br>Telefon: 0800 \/ 723 48 46<br>Mail: info@ciborius-gruppe.de<\/p>\n<p>Amtsgericht Charlottenburg (HRB 190013)<br>Ust-IdNr.: DE 315262860<\/p>\n<\/div>\n<div>Gesch\u00e4ftsf\u00fchrer:<br>Andreas CIBORIUS<br>Katharina CIBORIUS<\/div>\n<\/div>\n<\/div>\n<p>[\/et_pb_text][\/et_pb_column][\/et_pb_row][\/et_pb_section][et_pb_section fb_built=&#8220;1&#8243; module_class=&#8220;cg-section cg-section-muted&#8220; _builder_version=&#8220;4.24.0&#8243; _module_preset=&#8220;default&#8220; global_colors_info=&#8220;{}&#8220;][et_pb_row column_structure=&#8220;1_4,3_4&#8243; _builder_version=&#8220;4.24.0&#8243; _module_preset=&#8220;default&#8220; global_colors_info=&#8220;{}&#8220;][et_pb_column type=&#8220;1_4&#8243; _builder_version=&#8220;4.24.0&#8243; _module_preset=&#8220;default&#8220; global_colors_info=&#8220;{}&#8220;][et_pb_text module_class=&#8220;cg-module cg-text cg-sticky&#8220; _builder_version=&#8220;4.24.0&#8243; _module_preset=&#8220;default&#8220; global_colors_info=&#8220;{}&#8220;]<\/p>\n<h2 class=\"weniger-abstand\" data-options=\"cg-has-overhead-title\"><span class=\"cg-overhead-title\">Datenschutzhinweise<span class=\"cg-colon\">:<\/span><\/span> F\u00fcr Bewerberinnen und Bewerber<\/h2>\n<p>[\/et_pb_text][\/et_pb_column][et_pb_column type=&#8220;3_4&#8243; _builder_version=&#8220;4.24.0&#8243; _module_preset=&#8220;default&#8220; global_colors_info=&#8220;{}&#8220;][et_pb_text _builder_version=&#8220;4.24.0&#8243; _module_preset=&#8220;default&#8220; global_colors_info=&#8220;{}&#8220;]<\/p>\n<div class=\"ce_text first last block\" id=\"bewerber\">\n<p>Wir freuen uns, dass Sie sich f\u00fcr uns interessieren und sich f\u00fcr eine Stelle in unserem Unternehmen bewerben oder beworben haben. Wir m\u00f6chten Ihnen nachfolgend gerne Informationen zur Verarbeitung Ihrer personenbezogenen Daten im Zusammenhang mit der Bewerbung erteilen.<\/p>\n<p><strong>Wer ist f\u00fcr Datenverarbeitung verantwortlich?<\/strong><\/p>\n<p><strong>S.I.V.V. Scopum Investition \u2013 Verm\u00f6gen \u2013 Verwaltung Holding GmbH<\/strong><br>Wartenberger Str. 24<br>13053 Berlin<br>Telefon: 0800 \/ 723 48 46<br>Mail: <a href=\"mailto:info@ciborius-gruppe.de\">info@ciborius-gruppe.de<\/a><\/p>\n<p>Amtsgericht Charlottenburg (HRB 190013)<br>Ust-IdNr.: DE 315262860<br>Gesch\u00e4ftsf\u00fchrer:<br>Andreas CIBORIUS<br>Katharina CIBORIUS<\/p>\n<p>Sie finden weitere Informationen zu unserem Unternehmen, Angaben zu den vertretungsberechtigten Personen und auch weitere Kontaktm\u00f6glichkeiten in unserem <a href=\"de\/impressum\">Impressum unserer Internetseite<\/a>.<\/p>\n<div>\n<p><strong>Welche Daten von Ihnen werden von uns verarbeitet? Und zu welchen Zwecken?<\/strong><\/p>\n<p>Wir verarbeiten die Daten, die Sie uns im Zusammenhang mit Ihrer Bewerbung zugesendet haben, um Ihre Eignung f\u00fcr die Stelle (oder ggf. andere offene Positionen in unseren Unternehmen) zu pr\u00fcfen und das Bewerbungsverfahren durchzuf\u00fchren.<\/p>\n<p><strong>Auf welcher rechtlichen Grundlage basiert das?<\/strong><\/p>\n<p>Rechtsgrundlage f\u00fcr die Verarbeitung Ihrer personenbezogenen Daten in diesem Bewerbungsverfahren ist prim\u00e4r \u00a7 26 BDSG. Danach ist die Verarbeitung der Daten zul\u00e4ssig, die im Zusammenhang mit der Entscheidung \u00fcber die Begr\u00fcndung eines Besch\u00e4ftigungsverh\u00e4ltnisses erforderlich sind.<\/p>\n<p>Sollten die Daten nach Abschluss des Bewerbungsverfahrens ggf. zur Rechtsverfolgung erforderlich sein, kann eine Datenverarbeitung auf Basis der Voraussetzungen von Art. 6 DSGVO, insbesondere zur Wahrnehmung von berechtigten Interessen nach Art. 6 Abs. 1 lit. f) DSGVO erfolgen. Unser Interesse besteht dann in der Geltendmachung oder Abwehr von Anspr\u00fcchen.<\/p>\n<p><strong>Wie lange werden die Daten gespeichert?<\/strong><\/p>\n<p>Daten von Bewerberinnen und Bewerbern werden im Falle einer Absage nach 6 Monaten gel\u00f6scht.<\/p>\n<p>F\u00fcr den Fall, dass Sie einer weiteren Speicherung Ihrer personenbezogenen Daten zugestimmt haben, werden wir Ihre Daten in unseren Bewerber-Pool \u00fcbernehmen. Dort werden die Daten nach Ablauf von zwei Jahren gel\u00f6scht.<\/p>\n<p>Sollten Sie im Rahmen des Bewerbungsverfahrens den Zuschlag f\u00fcr eine Stelle erhalten haben, werden die Daten aus dem Bewerberdatensystem in unser Personalinformationssystem \u00fcberf\u00fchrt.<\/p>\n<p><strong>An welche Empf\u00e4nger werden die Daten weitergegeben?<\/strong><\/p>\n<p>Ihre Bewerberdaten werden nach Eingang Ihrer Bewerbung von der Personalabteilung gesichtet. Geeignete Bewerbungen werden dann intern an die Abteilungsverantwortlichen f\u00fcr die jeweils offene Position weitergeleitet. Dann wird der weitere Ablauf abgestimmt. Im Unternehmen haben grunds\u00e4tzlich nur die Personen Zugriff auf Ihre Daten, die dies f\u00fcr den ordnungsgem\u00e4\u00dfen Ablauf unseres Bewerbungsverfahrens ben\u00f6tigen.<\/p>\n<p><strong>Wo werden die Daten verarbeitet?<\/strong><\/p>\n<p>Die Daten werden ausschlie\u00dflich in Rechenzentren der Bundesrepublik Deutschland verarbeitet.<\/p>\n<p><strong>Ihre Rechte als \u201eBetroffene\u201c<\/strong><\/p>\n<p>Sie haben das Recht auf Auskunft \u00fcber die von uns zu Ihrer Person verarbeiteten personenbezogenen Daten.<\/p>\n<p>Bei einer Auskunftsanfrage, die nicht schriftlich erfolgt, bitten wir um Verst\u00e4ndnis daf\u00fcr, dass wir dann ggf. Nachweise von Ihnen verlangen, die belegen, dass Sie die Person sind, f\u00fcr die Sie sich ausgeben.<\/p>\n<p>Ferner haben Sie ein Recht auf Berichtigung oder L\u00f6schung oder auf Einschr\u00e4nkung der Verarbeitung, soweit Ihnen dies gesetzlich zusteht.<br>Ferner haben Sie ein Widerspruchsrecht gegen die Verarbeitung im Rahmen der gesetzlichen Vorgaben. Gleiches gilt f\u00fcr ein Recht auf Daten\u00fcbertragbarkeit.<\/p>\n<p><strong>Unsere Datenschutzbeauftragte<\/strong><\/p>\n<p>Wir haben eine Datenschutzbeauftragte in unserem Unternehmen benannt. Sie erreichen diese unter folgenden Kontaktm\u00f6glichkeiten:<\/p>\n<p><strong>JUNG IT-Solution GmbH<br>Achim Jung<\/strong><br><a href=\"mailto:datenschutz@ciborius-gruppe.de\">datenschutz@ciborius-gruppe.de<\/a><br>Fr\u00fchmessergasse 9 | 34286 Spangenberg<\/p>\n<p><strong>Beschwerderecht<\/strong><\/p>\n<p>Sie haben das Recht, sich \u00fcber die Verarbeitung personenbezogenen Daten durch uns bei einer Aufsichtsbeh\u00f6rde f\u00fcr den Datenschutz zu beschweren.<\/p>\n<\/div>\n<\/div>\n<p>[\/et_pb_text][\/et_pb_column][\/et_pb_row][\/et_pb_section]<\/p>","protected":false},"excerpt":{"rendered":"<p>Datenschutz: Schutz Ihrer personen&shy;bezogenen Daten Der Schutz Ihrer personenbezogenen Daten ist uns ein wichtiges Anliegen. Wir behandeln Ihre personenbezogenen Daten vertraulich und entsprechend der gesetzlichen Datenschutzvorschriften sowie dieser Datenschutzerkl\u00e4rung. Die Nutzung unserer Webseite ist in der Regel ohne Angabe personenbezogener Daten m\u00f6glich. Soweit auf unseren Seiten personenbezogene Daten (beispielsweise Name, Anschrift oder E-Mail-Adresse) erhoben werden, [&hellip;]<\/p>\n","protected":false},"author":5,"featured_media":0,"parent":0,"menu_order":0,"comment_status":"closed","ping_status":"closed","template":"","meta":{"_et_pb_use_builder":"on","_et_pb_old_content":"","_et_gb_content_width":"","_coblocks_attr":"","_coblocks_dimensions":"","_coblocks_responsive_height":"","_coblocks_accordion_ie_support":"","_crsspst_to_securityde":false,"cg_type":"","cg_schema_org":"","footnotes":""},"class_list":["post-1406","page","type-page","status-publish","hentry"],"yoast_head":"<!-- This site is optimized with the Yoast SEO Premium plugin v23.1 (Yoast SEO v23.1) - https:\/\/yoast.com\/wordpress\/plugins\/seo\/ -->\n<title>Datenschutz - CIBORIUS Gruppe<\/title>\n<meta name=\"robots\" content=\"noindex, nofollow\" \/>\n<meta property=\"og:locale\" content=\"de_DE\" \/>\n<meta property=\"og:type\" content=\"article\" \/>\n<meta property=\"og:title\" content=\"Datenschutz - CIBORIUS Gruppe\" \/>\n<meta property=\"og:description\" content=\"Datenschutz: Schutz Ihrer personen&shy;bezogenen Daten Der Schutz Ihrer personenbezogenen Daten ist uns ein wichtiges Anliegen. Wir behandeln Ihre personenbezogenen Daten vertraulich und entsprechend der gesetzlichen Datenschutzvorschriften sowie dieser Datenschutzerkl\u00e4rung. Die Nutzung unserer Webseite ist in der Regel ohne Angabe personenbezogener Daten m\u00f6glich. Soweit auf unseren Seiten personenbezogene Daten (beispielsweise Name, Anschrift oder E-Mail-Adresse) erhoben werden, [&hellip;]\" \/>\n<meta property=\"og:url\" content=\"https:\/\/ciborius-gruppe.de\/de\/datenschutz\" \/>\n<meta property=\"og:site_name\" content=\"CIBORIUS Gruppe\" \/>\n<meta property=\"article:publisher\" content=\"https:\/\/www.facebook.com\/CiboriusGruppe\" \/>\n<meta property=\"article:modified_time\" content=\"2024-05-23T07:43:16+00:00\" \/>\n<meta name=\"twitter:card\" content=\"summary_large_image\" \/>\n<meta name=\"twitter:site\" content=\"@ciboriusgruppe\" \/>\n<meta name=\"twitter:label1\" content=\"Gesch\u00e4tzte Lesezeit\" \/>\n\t<meta name=\"twitter:data1\" content=\"10\u00a0Minuten\" \/>\n<!-- \/ Yoast SEO Premium plugin. -->","yoast_head_json":{"title":"Datenschutz - CIBORIUS Gruppe","robots":{"index":"noindex","follow":"nofollow"},"og_locale":"de_DE","og_type":"article","og_title":"Datenschutz - CIBORIUS Gruppe","og_description":"Datenschutz: Schutz Ihrer personen&shy;bezogenen Daten Der Schutz Ihrer personenbezogenen Daten ist uns ein wichtiges Anliegen. Wir behandeln Ihre personenbezogenen Daten vertraulich und entsprechend der gesetzlichen Datenschutzvorschriften sowie dieser Datenschutzerkl\u00e4rung. Die Nutzung unserer Webseite ist in der Regel ohne Angabe personenbezogener Daten m\u00f6glich. Soweit auf unseren Seiten personenbezogene Daten (beispielsweise Name, Anschrift oder E-Mail-Adresse) erhoben werden, [&hellip;]","og_url":"https:\/\/ciborius-gruppe.de\/de\/datenschutz","og_site_name":"CIBORIUS Gruppe","article_publisher":"https:\/\/www.facebook.com\/CiboriusGruppe","article_modified_time":"2024-05-23T07:43:16+00:00","twitter_card":"summary_large_image","twitter_site":"@ciboriusgruppe","twitter_misc":{"Gesch\u00e4tzte Lesezeit":"10\u00a0Minuten"},"schema":{"@context":"https:\/\/schema.org","@graph":[{"@type":"WebPage","@id":"https:\/\/ciborius-gruppe.de\/de\/datenschutz","url":"https:\/\/ciborius-gruppe.de\/de\/datenschutz","name":"Datenschutz - CIBORIUS Gruppe","isPartOf":{"@id":"https:\/\/ciborius-gruppe.de\/de\/#website"},"datePublished":"2024-01-16T13:20:48+00:00","dateModified":"2024-05-23T07:43:16+00:00","inLanguage":"de","potentialAction":[{"@type":"ReadAction","target":["https:\/\/ciborius-gruppe.de\/de\/datenschutz"]}]},{"@type":"WebSite","@id":"https:\/\/ciborius-gruppe.de\/de\/#website","url":"https:\/\/ciborius-gruppe.de\/de\/","name":"CIBORIUS Gruppe","description":"CIBORIUS Gruppe: Service- &amp; Sicherheitsdienste, Facility Management","publisher":{"@id":"https:\/\/ciborius-gruppe.de\/de\/#organization"},"potentialAction":[{"@type":"SearchAction","target":{"@type":"EntryPoint","urlTemplate":"https:\/\/ciborius-gruppe.de\/de\/?s={search_term_string}"},"query-input":"required name=search_term_string"}],"inLanguage":"de"},{"@type":"Organization","@id":"https:\/\/ciborius-gruppe.de\/de\/#organization","name":"CIBORIUS Gruppe","url":"https:\/\/ciborius-gruppe.de\/de\/","logo":{"@type":"ImageObject","inLanguage":"de","@id":"https:\/\/ciborius-gruppe.de\/de\/#\/schema\/logo\/image\/","url":"https:\/\/ciborius-gruppe.de\/wp-content\/uploads\/2024\/02\/ciborius-logo-1.svg","contentUrl":"https:\/\/ciborius-gruppe.de\/wp-content\/uploads\/2024\/02\/ciborius-logo-1.svg","width":138,"height":33,"caption":"CIBORIUS Gruppe"},"image":{"@id":"https:\/\/ciborius-gruppe.de\/de\/#\/schema\/logo\/image\/"},"sameAs":["https:\/\/www.facebook.com\/CiboriusGruppe","https:\/\/x.com\/ciboriusgruppe"]}]}},"_links":{"self":[{"href":"https:\/\/ciborius-gruppe.de\/de\/wp-json\/wp\/v2\/pages\/1406","targetHints":{"allow":["GET"]}}],"collection":[{"href":"https:\/\/ciborius-gruppe.de\/de\/wp-json\/wp\/v2\/pages"}],"about":[{"href":"https:\/\/ciborius-gruppe.de\/de\/wp-json\/wp\/v2\/types\/page"}],"author":[{"embeddable":true,"href":"https:\/\/ciborius-gruppe.de\/de\/wp-json\/wp\/v2\/users\/5"}],"replies":[{"embeddable":true,"href":"https:\/\/ciborius-gruppe.de\/de\/wp-json\/wp\/v2\/comments?post=1406"}],"version-history":[{"count":16,"href":"https:\/\/ciborius-gruppe.de\/de\/wp-json\/wp\/v2\/pages\/1406\/revisions"}],"predecessor-version":[{"id":12011,"href":"https:\/\/ciborius-gruppe.de\/de\/wp-json\/wp\/v2\/pages\/1406\/revisions\/12011"}],"wp:attachment":[{"href":"https:\/\/ciborius-gruppe.de\/de\/wp-json\/wp\/v2\/media?parent=1406"}],"curies":[{"name":"wp","href":"https:\/\/api.w.org\/{rel}","templated":true}]}}