{"id":4732,"date":"2024-02-01T07:23:20","date_gmt":"2024-02-01T07:23:20","guid":{"rendered":"https:\/\/ciborius-gruppe.de\/?page_id=4732"},"modified":"2024-03-22T05:08:56","modified_gmt":"2024-03-22T05:08:56","slug":"news","status":"publish","type":"page","link":"https:\/\/ciborius-gruppe.de\/de\/news","title":{"rendered":"News"},"content":{"rendered":"<p>[et_pb_section fb_built=&#8220;1&#8243; module_class=&#8220;cg-section cg-section-hero cg-section-hero-plain cg-section-hero-news&#8220; _builder_version=&#8220;4.24.2&#8243; _module_preset=&#8220;default&#8220; global_colors_info=&#8220;{}&#8220;][et_pb_row column_structure=&#8220;1_2,1_2&#8243; make_equal=&#8220;on&#8220; module_class=&#8220;cg-row hero-content&#8220; _builder_version=&#8220;4.24.2&#8243; _module_preset=&#8220;default&#8220; global_colors_info=&#8220;{}&#8220;][et_pb_column type=&#8220;1_2&#8243; _builder_version=&#8220;4.23.1&#8243; _module_preset=&#8220;default&#8220; global_colors_info=&#8220;{}&#8220;][et_pb_text _builder_version=&#8220;4.24.0&#8243; _module_preset=&#8220;default&#8220; text_font=&#8220;|300|||||||&#8220; text_font_size=&#8220;20px&#8220; header_font_size=&#8220;1.3rem&#8220; header_2_font_size=&#8220;48px&#8220; custom_margin=&#8220;||||false|false&#8220; global_colors_info=&#8220;{}&#8220;]<\/p>\n<h1 data-options=\"cg-has-overhead-title\"><span class=\"cg-overhead-title\">Neuigkeiten im Blick<span class=\"cg-colon\">:<\/span><\/span> Die neusten Beitr\u00e4ge rund um CIBORIUS im \u00dcberblick<\/h1>\n<p>[\/et_pb_text][\/et_pb_column][et_pb_column type=&#8220;1_2&#8243; _builder_version=&#8220;4.23.1&#8243; _module_preset=&#8220;default&#8220; global_colors_info=&#8220;{}&#8220;][et_pb_text _builder_version=&#8220;4.24.2&#8243; _module_preset=&#8220;default&#8220; custom_padding=&#8220;||0px|||&#8220; global_colors_info=&#8220;{}&#8220;]<\/p>\n<p>Hier finden Sie aktuelle Beitr\u00e4ge der CIBORIUS Gruppe \u2013 Ihrem Experten f\u00fcr Security, Facility und Service. Hier halten wir Sie stets auf dem Laufenden. Bei weiterem Informationsbedarf stehen wir Ihnen gerne zur Verf\u00fcgung. Danke f\u00fcr Ihr Interesse!&#8220;<\/p>\n<p>[\/et_pb_text][\/et_pb_column][\/et_pb_row][\/et_pb_section][et_pb_section fb_built=&#8220;1&#8243; module_class=&#8220;cg-section cg-section-muted&#8220; _builder_version=&#8220;4.24.0&#8243; _module_preset=&#8220;default&#8220; global_colors_info=&#8220;{}&#8220;][et_pb_row column_structure=&#8220;1_2,1_2&#8243; _builder_version=&#8220;4.24.0&#8243; _module_preset=&#8220;default&#8220; global_colors_info=&#8220;{}&#8220;][et_pb_column type=&#8220;1_2&#8243; _builder_version=&#8220;4.24.0&#8243; _module_preset=&#8220;default&#8220; global_colors_info=&#8220;{}&#8220;][et_pb_blog posts_number=&#8220;1&#8243; include_categories=&#8220;5&#8243; meta_date=&#8220;j. M Y&#8220; show_author=&#8220;off&#8220; show_categories=&#8220;off&#8220; show_pagination=&#8220;off&#8220; module_class=&#8220;cg-news-preview-major&#8220; _builder_version=&#8220;4.24.2&#8243; _module_preset=&#8220;default&#8220; hover_enabled=&#8220;0&#8243; global_colors_info=&#8220;{}&#8220; show_more=&#8220;on&#8220; sticky_enabled=&#8220;0&#8243;][\/et_pb_blog][\/et_pb_column][et_pb_column type=&#8220;1_2&#8243; _builder_version=&#8220;4.24.0&#8243; _module_preset=&#8220;default&#8220; global_colors_info=&#8220;{}&#8220;][et_pb_blog fullwidth=&#8220;off&#8220; posts_number=&#8220;5&#8243; include_categories=&#8220;5,29&#8243; meta_date=&#8220;j. M Y&#8220; excerpt_length=&#8220;65&#8243; show_more=&#8220;on&#8220; show_author=&#8220;off&#8220; show_categories=&#8220;off&#8220; show_pagination=&#8220;off&#8220; offset_number=&#8220;1&#8243; module_class=&#8220;cg-news-preview-minor&#8220; _builder_version=&#8220;4.24.2&#8243; _module_preset=&#8220;default&#8220; global_colors_info=&#8220;{}&#8220;][\/et_pb_blog][\/et_pb_column][\/et_pb_row][\/et_pb_section][et_pb_section fb_built=&#8220;1&#8243; _builder_version=&#8220;4.24.0&#8243; _module_preset=&#8220;default&#8220; global_colors_info=&#8220;{}&#8220;][et_pb_row _builder_version=&#8220;4.24.0&#8243; _module_preset=&#8220;default&#8220; global_colors_info=&#8220;{}&#8220;][et_pb_column type=&#8220;4_4&#8243; _builder_version=&#8220;4.24.0&#8243; _module_preset=&#8220;default&#8220; global_colors_info=&#8220;{}&#8220;][et_pb_blog posts_number=&#8220;15&#8243; include_categories=&#8220;5,29,50&#8243; excerpt_length=&#8220;95&#8243; show_more=&#8220;on&#8220; show_author=&#8220;off&#8220; show_categories=&#8220;off&#8220; offset_number=&#8220;6&#8243; module_class=&#8220;cg-news-preview-more&#8220; _builder_version=&#8220;4.24.2&#8243; _module_preset=&#8220;default&#8220; global_colors_info=&#8220;{}&#8220;][\/et_pb_blog][\/et_pb_column][\/et_pb_row][\/et_pb_section]<\/p>","protected":false},"excerpt":{"rendered":"<p>Neuigkeiten im Blick: Die neusten Beitr\u00e4ge rund um CIBORIUS im \u00dcberblickHier finden Sie aktuelle Beitr\u00e4ge der CIBORIUS Gruppe \u2013 Ihrem Experten f\u00fcr Security, Facility und Service. Hier halten wir Sie stets auf dem Laufenden. Bei weiterem Informationsbedarf stehen wir Ihnen gerne zur Verf\u00fcgung. Danke f\u00fcr Ihr Interesse!&#8220;<\/p>\n","protected":false},"author":5,"featured_media":0,"parent":0,"menu_order":0,"comment_status":"closed","ping_status":"closed","template":"","meta":{"_et_pb_use_builder":"on","_et_pb_old_content":"","_et_gb_content_width":"","_coblocks_attr":"","_coblocks_dimensions":"","_coblocks_responsive_height":"","_coblocks_accordion_ie_support":"","_crsspst_to_securityde":false,"cg_type":"","cg_schema_org":"","footnotes":""},"class_list":["post-4732","page","type-page","status-publish","hentry"],"yoast_head":"<!-- This site is optimized with the Yoast SEO Premium plugin v23.1 (Yoast SEO v23.1) - https:\/\/yoast.com\/wordpress\/plugins\/seo\/ -->\n<title>News - CIBORIUS Gruppe<\/title>\n<meta name=\"description\" content=\"Aktuelle Beitr\u00e4ge der CIBORIUS Gruppe \u2013 Ihrem Experten f\u00fcr Security, Facility und Service.\" \/>\n<meta name=\"robots\" content=\"index, follow, max-snippet:-1, max-image-preview:large, max-video-preview:-1\" \/>\n<link rel=\"canonical\" href=\"https:\/\/ciborius-gruppe.de\/de\/news\" \/>\n<meta property=\"og:locale\" content=\"de_DE\" \/>\n<meta property=\"og:type\" content=\"article\" \/>\n<meta property=\"og:title\" content=\"News - CIBORIUS Gruppe\" \/>\n<meta property=\"og:description\" content=\"Aktuelle Beitr\u00e4ge der CIBORIUS Gruppe \u2013 Ihrem Experten f\u00fcr Security, Facility und Service.\" \/>\n<meta property=\"og:url\" content=\"https:\/\/ciborius-gruppe.de\/de\/news\" \/>\n<meta property=\"og:site_name\" content=\"CIBORIUS Gruppe\" \/>\n<meta property=\"article:publisher\" content=\"https:\/\/www.facebook.com\/CiboriusGruppe\" \/>\n<meta property=\"article:modified_time\" content=\"2024-03-22T05:08:56+00:00\" \/>\n<meta name=\"twitter:card\" content=\"summary_large_image\" \/>\n<meta name=\"twitter:site\" content=\"@ciboriusgruppe\" \/>\n<meta name=\"twitter:label1\" content=\"Gesch\u00e4tzte Lesezeit\" \/>\n\t<meta name=\"twitter:data1\" content=\"8\u00a0Minuten\" \/>\n<!-- \/ Yoast SEO Premium plugin. -->","yoast_head_json":{"title":"News - CIBORIUS Gruppe","description":"Aktuelle Beitr\u00e4ge der CIBORIUS Gruppe \u2013 Ihrem Experten f\u00fcr Security, Facility und Service.","robots":{"index":"index","follow":"follow","max-snippet":"max-snippet:-1","max-image-preview":"max-image-preview:large","max-video-preview":"max-video-preview:-1"},"canonical":"https:\/\/ciborius-gruppe.de\/de\/news","og_locale":"de_DE","og_type":"article","og_title":"News - CIBORIUS Gruppe","og_description":"Aktuelle Beitr\u00e4ge der CIBORIUS Gruppe \u2013 Ihrem Experten f\u00fcr Security, Facility und Service.","og_url":"https:\/\/ciborius-gruppe.de\/de\/news","og_site_name":"CIBORIUS Gruppe","article_publisher":"https:\/\/www.facebook.com\/CiboriusGruppe","article_modified_time":"2024-03-22T05:08:56+00:00","twitter_card":"summary_large_image","twitter_site":"@ciboriusgruppe","twitter_misc":{"Gesch\u00e4tzte Lesezeit":"8\u00a0Minuten"},"schema":{"@context":"https:\/\/schema.org","@graph":[{"@type":"WebPage","@id":"https:\/\/ciborius-gruppe.de\/de\/news","url":"https:\/\/ciborius-gruppe.de\/de\/news","name":"News - CIBORIUS Gruppe","isPartOf":{"@id":"https:\/\/ciborius-gruppe.de\/de\/#website"},"datePublished":"2024-02-01T07:23:20+00:00","dateModified":"2024-03-22T05:08:56+00:00","description":"Aktuelle Beitr\u00e4ge der CIBORIUS Gruppe \u2013 Ihrem Experten f\u00fcr Security, Facility und Service.","inLanguage":"de","potentialAction":[{"@type":"ReadAction","target":["https:\/\/ciborius-gruppe.de\/de\/news"]}]},{"@type":"WebSite","@id":"https:\/\/ciborius-gruppe.de\/de\/#website","url":"https:\/\/ciborius-gruppe.de\/de\/","name":"CIBORIUS Gruppe","description":"CIBORIUS Gruppe: Service- &amp; Sicherheitsdienste, Facility Management","publisher":{"@id":"https:\/\/ciborius-gruppe.de\/de\/#organization"},"potentialAction":[{"@type":"SearchAction","target":{"@type":"EntryPoint","urlTemplate":"https:\/\/ciborius-gruppe.de\/de\/?s={search_term_string}"},"query-input":"required name=search_term_string"}],"inLanguage":"de"},{"@type":"Organization","@id":"https:\/\/ciborius-gruppe.de\/de\/#organization","name":"CIBORIUS Gruppe","url":"https:\/\/ciborius-gruppe.de\/de\/","logo":{"@type":"ImageObject","inLanguage":"de","@id":"https:\/\/ciborius-gruppe.de\/de\/#\/schema\/logo\/image\/","url":"https:\/\/ciborius-gruppe.de\/wp-content\/uploads\/2024\/02\/ciborius-logo-1.svg","contentUrl":"https:\/\/ciborius-gruppe.de\/wp-content\/uploads\/2024\/02\/ciborius-logo-1.svg","width":138,"height":33,"caption":"CIBORIUS Gruppe"},"image":{"@id":"https:\/\/ciborius-gruppe.de\/de\/#\/schema\/logo\/image\/"},"sameAs":["https:\/\/www.facebook.com\/CiboriusGruppe","https:\/\/x.com\/ciboriusgruppe"]}]}},"_links":{"self":[{"href":"https:\/\/ciborius-gruppe.de\/de\/wp-json\/wp\/v2\/pages\/4732","targetHints":{"allow":["GET"]}}],"collection":[{"href":"https:\/\/ciborius-gruppe.de\/de\/wp-json\/wp\/v2\/pages"}],"about":[{"href":"https:\/\/ciborius-gruppe.de\/de\/wp-json\/wp\/v2\/types\/page"}],"author":[{"embeddable":true,"href":"https:\/\/ciborius-gruppe.de\/de\/wp-json\/wp\/v2\/users\/5"}],"replies":[{"embeddable":true,"href":"https:\/\/ciborius-gruppe.de\/de\/wp-json\/wp\/v2\/comments?post=4732"}],"version-history":[{"count":28,"href":"https:\/\/ciborius-gruppe.de\/de\/wp-json\/wp\/v2\/pages\/4732\/revisions"}],"predecessor-version":[{"id":10930,"href":"https:\/\/ciborius-gruppe.de\/de\/wp-json\/wp\/v2\/pages\/4732\/revisions\/10930"}],"wp:attachment":[{"href":"https:\/\/ciborius-gruppe.de\/de\/wp-json\/wp\/v2\/media?parent=4732"}],"curies":[{"name":"wp","href":"https:\/\/api.w.org\/{rel}","templated":true}]}}